{"id":920,"date":"2012-06-14T21:21:15","date_gmt":"2012-06-14T21:21:15","guid":{"rendered":"https:\/\/raulmourao.com\/portfolio\/?page_id=920"},"modified":"2021-04-05T18:47:58","modified_gmt":"2021-04-05T18:47:58","slug":"cv","status":"publish","type":"page","link":"https:\/\/archive.raulmourao.com\/portfolio\/cv\/","title":{"rendered":"CV"},"content":{"rendered":"<div id=\"pl-920\"  class=\"panel-layout\" ><div id=\"pg-920-0\"  class=\"panel-grid panel-no-style\" ><div id=\"pgc-920-0-0\"  class=\"panel-grid-cell\" ><div id=\"panel-920-0-0-0\" class=\"so-panel widget widget_sow-editor panel-first-child panel-last-child\" data-index=\"0\" ><div class=\"cv panel-widget-style panel-widget-style-for-920-0-0-0\" ><div class=\"so-widget-sow-editor so-widget-sow-editor-base\">\n<div class=\"siteorigin-widget-tinymce textwidget\">\n\t<p><strong>Exposi\u00e7\u00f5es Individuais<\/strong><\/p>\n<p><strong>2020<\/strong><\/p>\n<ul>\n<li>Viva Rebel - Viva Projects e Gafisa, Rio de Janeiro.<\/li>\n<\/ul>\n<p><strong>2019<\/strong><\/p>\n<ul>\n<li>Sobre o P\u00eanalti e outras jogadas - Lurixs Arte Contempor\u00e2nea, Rio de Janeiro<\/li>\n<li>Introdu\u00e7\u00e3o \u00e0 teoria dos opostos absolutos - Galeria Nara Roesler, S\u00e3o Paulo<\/li>\n<li>Experienza Live Cinema #4:\u00a0Raul Mour\u00e3o + Cabelo - OM.art, Rio de Janeiro<\/li>\n<\/ul>\n<p><strong>2018<br \/>\n<\/strong><\/p>\n<ul>\n<li>Seta Janela Balan\u00e7o -\u00a0Lurixs Arte Contempor\u00e2nea, Rio de Janeiro<\/li>\n<li>Fora\/Dentro - Museu da Rep\u00fablica, Rio de Janeiro<\/li>\n<li>Boxer - Carbono Galeria, S\u00e3o Paulo<\/li>\n<\/ul>\n<p><strong>2017<\/strong><\/p>\n<ul>\n<li>In my opinion - Plutschow Gallery, Zurique, Su\u00ed\u00e7a<\/li>\n<li>Para l\u00e1 e Ap\u00f3s \u2013 Raul Mour\u00e3o - Espa\u00e7o das Artes, Escola de Comunica\u00e7\u00f5es e Artes da Universidade de S\u00e3o Paulo (ECA-USP), S\u00e3o Paulo<\/li>\n<\/ul>\n<p><strong>2016<br \/>\n<\/strong><\/p>\n<ul>\n<li>Voc\u00ea est\u00e1 aqui - Museu Brasileiro da Escultura (MuBE), S\u00e3o Paulo<\/li>\n<\/ul>\n<p><strong>2015<\/strong><\/p>\n<ul>\n<li>Su Casa - Gitler &amp; _____, Nova York, Estados Unidos<\/li>\n<li>Fenestra - Lurixs Arte Contempor\u00e2nea, Rio de Janeiro<\/li>\n<li>Please touch - Bronx Museum, Nova York<\/li>\n<\/ul>\n<p><strong>2014<\/strong><\/p>\n<ul>\n<li>MOTO - Galeria Nara Roesler, S\u00e3o Paulo<\/li>\n<\/ul>\n<p><strong>2013<\/strong><\/p>\n<ul>\n<li>Movimento Repouso - Roberto Alban Galeria de Arte, Salvador<\/li>\n<\/ul>\n<p><strong>2012<\/strong><\/p>\n<ul>\n<li>Tra\u00e7\u00e3o animal - Museu de Arte Moderna (MAM Rio), Rio de Janeiro<\/li>\n<li>Toque devagar - Pra\u00e7a Tiradentes, Rio de Janeiro<\/li>\n<li>Processo - Estudio X, Rio de Janeiro<\/li>\n<li>Homenagem ao cubo - Lurixs Arte Contempor\u00e2nea, Rio de Janeiro<\/li>\n<\/ul>\n<p><strong>2010<\/strong><\/p>\n<ul>\n<li>Ch\u00e3o, Parede e Gente - Lurixs Arte Contempor\u00e2nea, Rio de Janeiro<\/li>\n<li>Cuidado Quente - Galeria Nara Roesler, S\u00e3o Paulo<\/li>\n<li>Balan\u00e7o Geral - Subterr\u00e2nea, Porto Alegre<\/li>\n<\/ul>\n<p><strong>2007<\/strong><\/p>\n<ul>\n<li>Fitografias - Lurixs Arte Contempor\u00e2nea, Rio de Janeiro<\/li>\n<li>Mec\u00e2nico - 3 + 1 Arte Contempor\u00e2nea, Lisboa, Portugal<\/li>\n<\/ul>\n<p><strong>2006<\/strong><\/p>\n<ul>\n<li>Luladepel\u00facia e outras coisas - Galeria Oeste, S\u00e3o Paulo<\/li>\n<\/ul>\n<p><strong>2005<\/strong><\/p>\n<ul>\n<li>Luladepel\u00facia - Lurixs Arte Contempor\u00e2nea, Rio de Janeiro<\/li>\n<\/ul>\n<p><strong>2004<\/strong><\/p>\n<ul>\n<li>drama.doc - Museu de Arte Contempor\u00e2nea de Niter\u00f3i (MAC), Rio de Janeiro<\/li>\n<li>Entonces - Pa\u00e7o Imperial, Rio de Janeiro<\/li>\n<\/ul>\n<p><strong>2003<\/strong><\/p>\n<ul>\n<li>Pequenas fra\u00e7\u00f5es - Lurixs Arte Contempor\u00e2nea, Rio de Janeiro<\/li>\n<li>Cego s\u00f3 bengala - Centro Universit\u00e1rio Maria Antonia, S\u00e3o Paulo<\/li>\n<\/ul>\n<p><strong>2002<\/strong><\/p>\n<ul>\n<li>Port\u00e1til 98\/02 - Gabinete de Arte Raquel Arnaud, S\u00e3o Paulo<\/li>\n<li>Carga Viva - Celma Albuquerque Galeria de Arte, Belo Horizonte<\/li>\n<\/ul>\n<p><strong>1999<\/strong><\/p>\n<ul>\n<li>Sint\u00e9tico - Agora\/Fundi\u00e7\u00e3o Progresso, Rio de Janeiro<\/li>\n<\/ul>\n<p><strong>1996<\/strong><\/p>\n<ul>\n<li>Galeria Ismael Nery - Centro de Arte Calouste Gulbekian, Rio de Janeiro<\/li>\n<\/ul>\n<p><strong>1993<\/strong><\/p>\n<ul>\n<li>Humano - Galeria S\u00e9rgio Porto, Rio de Janeiro<\/li>\n<\/ul>\n<\/div>\n<\/div><\/div><\/div><\/div><div id=\"pgc-920-0-1\"  class=\"panel-grid-cell\" ><div id=\"panel-920-0-1-0\" class=\"so-panel widget widget_sow-editor panel-first-child panel-last-child\" data-index=\"1\" ><div class=\"cv panel-widget-style panel-widget-style-for-920-0-1-0\" ><div class=\"so-widget-sow-editor so-widget-sow-editor-base\">\n<div class=\"siteorigin-widget-tinymce textwidget\">\n\t<p><b>Exposi\u00e7\u00f5es Coletivas<\/b><\/p>\n<p><b><br \/>\n<\/b><strong>2020<br \/>\n<\/strong><\/p>\n<ul>\n<li>A Escolha do Artista - Instituto Casa Roberto Marinho, Rio de Janeiro<\/li>\n<li>Rua - Museu de Arte do Rio, Rio de Janeiro<\/li>\n<li>Casa Carioca - Museu de Arte do Rio, Rio de Janeiro<\/li>\n<li>Na Espera,-Produ\u00e7\u00e3o no Isolamento - Galeria Nara Roesler, S\u00e3o Paulo<\/li>\n<li>Ar Livre - Fazenda Boa Vista\/Galeria Nara Roesler, S\u00e3o Paulo<\/li>\n<\/ul>\n<p><strong>2019<\/strong><\/p>\n<ul>\n<li>Esquele70: 70 anos de UERJ - Pa\u00e7o Imperial, Rio de Janeiro<\/li>\n<li>Cole\u00e7\u00f5es no MuBE:\u00a0Dulce e Jo\u00e3o Carlos de Figueiredo Ferraz\u2013 Constru\u00e7\u00f5es e\u00a0geometrias - Museu de Ecologia e Escultura (MuBE), S\u00e3o Paulo<\/li>\n<li>Esqueleto: uma hist\u00f3ria do Rio, Jacaranda (Villa Aymor\u00e9), Rio de Janeiro<\/li>\n<li>Alegria \u2013 A natureza-morta nas cole\u00e7\u00f5es MAM Rio -\u00a0Museu de Arte Moderna (MAM Rio), Rio de Janeiro<\/li>\n<li>Estruturas Encontradas - Galeria Nara Roesler, S\u00e3o Paulo<\/li>\n<\/ul>\n<p><strong>2018<\/strong><\/p>\n<ul>\n<li>C\u00e1 entre N\u00f3s - Jacaranda (Villa Aymor\u00e9), Rio de Janeiro<\/li>\n<li>Interfluxos: Colapso como Perspectiva - Jacaranda (Villa Aymor\u00e9), Rio de Janeiro<\/li>\n<li>Yoyo - Sesc Belenzinho, S\u00e3o Paulo<\/li>\n<\/ul>\n<p><strong>2017<\/strong><\/p>\n<ul>\n<li>Pra l\u00e1 - Espa\u00e7o das Artes - Universidade de S\u00e3o Paulo (USP), S\u00e3o Paulo<\/li>\n<li>Grid - Jacaranda (Villa Aymor\u00e9), Rio de Janeiro<\/li>\n<li>A Pureza \u00e9 um Mito: O monocrom\u00e1tico na arte contempor\u00e2nea -\u00a0Galeria Nara Roesler, S\u00e3o Paulo<\/li>\n<li>Fronteiras, Limites, Interse\u00e7\u00f5es: entre a Arte e o Design - Caixa Cultural S\u00e3o Paulo, S\u00e3o Paulo<\/li>\n<li>Modos de Ver o Brasil: Ita\u00fa Cultural 30 Anos - Oca Ibirapuera, S\u00e3o Paulo<\/li>\n<li>Well, It's just an ocean between - TAL Galeria, Cascais, Portugal<\/li>\n<li>100 cm - Auroras, S\u00e3o Paulo<\/li>\n<\/ul>\n<p><strong>2016<\/strong><\/p>\n<ul>\n<li>Em Polvorosa - Museu de Arte Moderna (MAM Rio), Rio de Janeiro<\/li>\n<li>International Series: Contemporary Artists from Brazil -\u00a0Turchin Center for the Visual Arts, Boone, Estados Unidos<\/li>\n<li>O Corpo e a Obra de Arte - Galeria Nara Roesler, S\u00e3o Paulo<\/li>\n<li>Brasil, Beleza?! Contemporary Brazilian Sculpture - Museum Beelden aan Zee, Haia, Holanda<\/li>\n<li>Mana Seven -\u00a0Mana Contemporary,\u00a0Miami, Estados Unidos<\/li>\n<li>Do clube para a pra\u00e7a - Jacaranda (Villa Aymor\u00e9), Rio de Janeiro<\/li>\n<li>Cidade Jacaranda - Cidade das Artes, Rio de Janeiro<\/li>\n<li>Cidade Jacaranda - Pequenos formatos: Dimens\u00f5es e Escala - Cidade das Artes, Rio de Janeiro<\/li>\n<\/ul>\n<p><strong>2015<\/strong><\/p>\n<ul>\n<li>TRIO Bienal - Bienal Tridimensional Internacional do Rio, Centro Cultural Parque das Ru\u00ednas, Rio de Janeiro<\/li>\n<li>Universo - Galeria Carbono, S\u00e3o Paulo<\/li>\n<li>Horizons - Plutschow Gallery, Zurique, Su\u00ed\u00e7a<\/li>\n<\/ul>\n<p><strong>2014<br \/>\n<\/strong><\/p>\n<ul>\n<li>Cidade Pol\u00edtica - Sala de Arte Santander, S\u00e3o Paulo<\/li>\n<li>Vancouver Biennale - International Pavilion, Vancouver, Canad\u00e1<\/li>\n<li>Artistas comprometidos? Talvez - Funda\u00e7\u00e3o Calouste Gulbenkian, Lisboa, Portugal<\/li>\n<li>Tatu: futebol, adversidade e cultura da caatinga - Museu de Arte do Rio (MAR), Rio de Janeiro<\/li>\n<li>All the best artists are my friends (Part 1) - MANA Contemporary, Nova Jersey, Estados Unidos<\/li>\n<li>One Shot! - Museu Brasileiro da Escultura (MuBE), S\u00e3o Paulo<\/li>\n<li>Maracan\u00e3 - A Gentil Carioca, Rio de Janeiro<\/li>\n<li>Pr\u00e1tica Port\u00e1til - Galeria Nara Roesler, S\u00e3o Paulo<\/li>\n<li>Encontro de Mundos - Museu de Arte do Rio (MAR), Rio de Janeiro<\/li>\n<\/ul>\n<p><strong>2013<\/strong><\/p>\n<ul>\n<li>O abrigo e o terreno: arte e sociedade no Brasil I - Museu de Arte do Rio (MAR), Rio de Janeiro<\/li>\n<li>Gil 70 - Palacete das Artes, Salvador<\/li>\n<li>7\u00aa Bienal Internacional de S\u00e3o Tom\u00e9 e Pr\u00edncipe<\/li>\n<li>Miradas insobornables: ima\u0301genes en presente continuo - Centro de Arte Contempora\u0301neo, Hotel de Inmigrantes, Buenos Aires, Argentina<\/li>\n<li>Sobre Corpos e Espelhos - Espa\u00e7o Cultural Contempor\u00e2neo (Ecco), Brasilia<\/li>\n<li>Cin\u00e9ticos e Construtivos - Galeria Carbono, S\u00e3o Paulo<\/li>\n<li>Bola Na Rede - Galeria Fayga Ostrower, Bras\u00edlia<\/li>\n<li>Aproxima\u00e7\u00f5es contempor\u00e2neas -\u00a0Roberto Alban Galeria de Arte, Salvador<\/li>\n<li>Gil 70 -\u00a0Museu Nacional da Rep\u00fablica, Bras\u00edlia<\/li>\n<\/ul>\n<p><strong>2012<br \/>\n<\/strong><\/p>\n<ul>\n<li>Art Public - Art Basel Miami Beach, Miami Beach, Estados Unidos<\/li>\n<li>Gil 70 - Centro Cultural dos Correios, Rio de Janeiro<\/li>\n<li>Mostra Carioca - Museu de Arte Moderna (MAM Rio), Rio de Janeiro<\/li>\n<li>From the Margin to The Edge - Somerset House, Londres<\/li>\n<li>This is Brazil! 1990 \u2013 2012 - Palexco, La Coru\u00f1a, Espanha<\/li>\n<li>Genealogias do Contempor\u00e2neo \u2013 Cole\u00e7\u00e3o Gilberto Chateaubriand - Museu de Arte Moderna (MAM Rio), Rio de Janeiro<\/li>\n<\/ul>\n<p><strong>2011<\/strong><\/p>\n<ul>\n<li>Travessias: Arte Contempor\u00e2nea na Mar\u00e9 - Centro Cultural Bela Mar\u00e9, Rio de Janeiro<\/li>\n<li>Jogos de Guerra - Caixa Cultural, Rio de Janeiro<\/li>\n<li>Gigantes por la propria naturaleza - Institut Valenci\u00e0 d\u2019Art Modern, Valencia, Espanha<\/li>\n<\/ul>\n<p><strong>2010<\/strong><\/p>\n<ul>\n<li>Law of the Jungle - Lehmann Maupin Gallery, Nova York, Estados Unidos<\/li>\n<li>Horizonte Constru\u00eddo: Fotografia e Arquitetura nas cole\u00e7\u00f5es do MAM - Museu de Arte Moderna (MAM Rio), Rio de Janeiro<\/li>\n<li>Ponto de Equil\u00edbrio - Instituto Tomie Ohtake, S\u00e3o Paulo<\/li>\n<li>Arquivo Geral - Centro Cultural H\u00e9lio Oiticica, Rio de Janeiro<\/li>\n<li>Mostra Paralela 2010: A Contempla\u00e7\u00e3o do Mundo - Liceu de Artes e Of\u00edcios, S\u00e3o Paulo<\/li>\n<li>Futebol de Sal\u00e3o, A coletiva - Lurixs Arte Contempor\u00e2nea, Rio de Janeiro<\/li>\n<li>A M\u00e1quina de abra\u00e7ar - SESC Pomp\u00e9ia, S\u00e3o Paulo<\/li>\n<li>Paisagem Incompleta - Pal\u00e1cio das Artes, Belo Horizonte<\/li>\n<li>Projetos (in)Provados - Caixa Cultural, Rio de Janeiro<\/li>\n<li>Liberdade \u00e9 pouco. O que desejo ainda n\u00e3o tem nome - Maria Ang\u00e9lica 678, Rio de Janeiro<\/li>\n<li>Paisagem incompleta - Centro Cultural Usiminas, Ipatinga<\/li>\n<\/ul>\n<p><strong>2009<\/strong><\/p>\n<ul>\n<li>In Gomo - Ateli\u00ea Gomo, Rio de Janeiro<\/li>\n<li>Experimentando Espa\u00e7os - Museu da Casa Brasileira, S\u00e3o Paulo<\/li>\n<li>A M\u00e1quina de Abra\u00e7ar - Espa\u00e7o Tom Jobim, Rio de Janeiro<\/li>\n<li>Arquivo Contempor\u00e2neo - Museu de Arte Contempor\u00e2nea de Niter\u00f3i (MAC), Rio de Janeiro<\/li>\n<\/ul>\n<p><strong>2008<\/strong><\/p>\n<ul>\n<li>Container Art - Parque Villa Lobos, S\u00e3o Paulo<\/li>\n<li>Arquivo Geral - Centro Cultural da Justi\u00e7a Eleitoral, Rio de Janeiro<\/li>\n<li>Travessias Cariocas - Caixa Cultural, Rio de Janeiro<\/li>\n<li>V Bienal de S\u00e3o Tom\u00e9 e Pr\u00edncipe, Partilhar Territ\u00f3rios, Exposi\u00e7\u00e3o Internacional - Antigas oficinas, S\u00e3o Tom\u00e9, S\u00e3o Tom\u00e9 e Pr\u00edncipe<\/li>\n<li>M\u00e3o Dupla, Movimento | Identidade - SESC Pinheiros, S\u00e3o Paulo<\/li>\n<li>Parangol\u00e9: Fragmentos desde los 90 en Brasil, Portugal y Espa\u00f1a - Patio Herreriano, Museo de Arte Contempor\u00e1neo Espan\u00f5l, Valladolid, Espanha<\/li>\n<\/ul>\n<p><strong>2007<\/strong><\/p>\n<ul>\n<li>Po\u00e9tica da percep\u00e7\u00e3o - Espa\u00e7o Cultural Vivo, S\u00e3o Paulo<\/li>\n<li>Arte como of\u00edcio - SESC\/Rio unidades Teres\u00f3polis, Petr\u00f3polis e Nova Friburgo<\/li>\n<li>Jogos Visuais - Caixa Cultural, Rio de Janeiro<\/li>\n<li>80 - 90: Modernos, P\u00f3s Modernos etc - Instituto Tomie Ohtake, S\u00e3o Paulo<\/li>\n<li>Ita\u00fa Contempor\u00e2neo: Arte no Brasil 1981 - 2006 - Ita\u00fa Cultural, S\u00e3o Paulo<\/li>\n<\/ul>\n<p><strong>2006<\/strong><\/p>\n<ul>\n<li>Arquivo Geral - Centro de Arte H\u00e9lio Oiticica, Rio de Janeiro<\/li>\n<li>Dwell - ASU Art Museum, Tempe, Estados Unidos<\/li>\n<li>II Bienal Internacional Cear\u00e1 de Gravura, Gravura Contempor\u00e2nea Brasileira - Museu de Arte Contempor\u00e2nea do Drag\u00e3o do Mar, Fortaleza<\/li>\n<li>Futebol \u00e9 coisa de 11 - Galeria do Lago, Museu da Rep\u00fablica, Rio de Janeiro<\/li>\n<li>\u00c9 HOJE na Arte Brasileira Contempor\u00e2nea: cole\u00e7\u00e3o Gilberto Chateaubriand - Santander Cultural, Porto Alegre<\/li>\n<\/ul>\n<p><strong>2005<\/strong><\/p>\n<ul>\n<li>Raz\u00e3o e Sensibilidade - Encontro com Arte, Rio de Janeiro<\/li>\n<li>Espace Urbain x Nature Intrinseque - Espace Topographie de l \u2019Art, Paris<\/li>\n<li>Nanoexposi\u00e7\u00e3o - Galeria Arte em dobro, Rio de Janeiro<\/li>\n<li>Rampa: Signaling New Latin American Art Initiatives, - ASU Art Museum, Tempe, Estados Unidos<\/li>\n<li>Arte Brasileira Hoje - Museu de Arte Moderna (MAM Rio), Rio de Janeiro<\/li>\n<\/ul>\n<p><strong>2004<\/strong><\/p>\n<ul>\n<li>Casa: uma po\u00e9tica do espa\u00e7o na arte brasileira - Museu Vale do Rio Doce, Vila Velha<\/li>\n<li>Urbanidades - Teatro Odiss\u00e9ia, Rio de Janeiro<\/li>\n<li>Arte Contempor\u00e2nea: Uma Hist\u00f3ria em Aberto - Galp\u00e3o Roque Petroni, S\u00e3o Paulo<\/li>\n<li>Arquivo Geral - Jardim Bot\u00e2nico, Rio de Janeiro<\/li>\n<li>Heterodoxia - Memorial da Am\u00e9rica Latina, S\u00e3o Paulo<\/li>\n<li>SP 450 Paris - Instituto Tomie Ohtake, S\u00e3o Paulo<\/li>\n<\/ul>\n<p><strong>2003<\/strong><\/p>\n<ul>\n<li>Infantil - A Gentil Carioca, Rio de Janeiro<\/li>\n<li>O sal da terra - Museu Vale do Rio Doce, Vila Velha<\/li>\n<\/ul>\n<p><strong>2002<\/strong><\/p>\n<ul>\n<li>Caminhos do contempor\u00e2neo: 1952\/2002 - Pa\u00e7o Imperial, Rio de Janeiro<\/li>\n<li>Panorama da Arte Brasileira - Museu de Arte Moderna, Salvador<\/li>\n<li>Love\u2019s House - Hotel Love\u2019s House, Rio de Janeiro<\/li>\n<li>A cultura em tempos de AIDS - Museu Nacional de Belas Artes, Rio de Janeiro<\/li>\n<li>Panorama da Arte Brasileira - Museu de Arte Moderna (MAM Rio), Rio de Janeiro<\/li>\n<\/ul>\n<p><strong>2001<\/strong><\/p>\n<ul>\n<li>A imagem do som de Antonio Carlos Jobim - Pa\u00e7o Imperial, Rio de Janeiro<\/li>\n<li>Outra Coisa - Museu Vale do Rio Doce, Vila Velha<\/li>\n<li>Panorama da Arte Brasileira - Museu de Arte Moderna, S\u00e3o Paulo<\/li>\n<li>III Bienal do Mercosul - Porto Alegre<\/li>\n<li>Orl\u00e2ndia - Rio de Janeiro<\/li>\n<li>Free Zone - EAV Parque Lage, Rio de Janeiro<\/li>\n<li>www.agora-capacete.com.br - Espa\u00e7o AGORA\/CAPACETE, Rio de Janeiro<\/li>\n<li>A imagem em jogo - Espa\u00e7o Cultural Contempor\u00e2neo Ven\u00e2ncio, Bras\u00edlia<\/li>\n<li>Mostra Brasil + 50 - Museu de Arte Moderna, Buenos Aires, Argentina<\/li>\n<\/ul>\n<p><strong>2000<\/strong><\/p>\n<ul>\n<li>A imagem do som de Gilberto Gil - Pa\u00e7o Imperial, Rio de Janeiro<\/li>\n<li>La imagen del sonido de Chico Buarque - Centro Cultural Borges, Buenos Aires, Argentina<\/li>\n<\/ul>\n<p><strong>1999<\/strong><\/p>\n<ul>\n<li>Os 90 - Pa\u00e7o Imperial, Rio de Janeiro<\/li>\n<li>A imagem do som de Chico Buarque - Pa\u00e7o Imperial, Rio de Janeiro<\/li>\n<li>Ana Linnerman, Fernanda Gomes, Marcos Chaves e Raul Mour\u00e3o - Mercedes Viegas Escrit\u00f3rio de Arte, Rio de Janeiro<\/li>\n<li>Fundi\u00e7\u00e3o em conserto - Fundi\u00e7\u00e3o Progresso, Rio de Janeiro<\/li>\n<li>Retratos Falados - Centro Cultural Banco do Brasil, Rio de Janeiro<\/li>\n<\/ul>\n<p><strong>1998<\/strong><\/p>\n<ul>\n<li>Mercoarte - Mar del Plata, Argentina<\/li>\n<\/ul>\n<p><strong>1996<\/strong><\/p>\n<ul>\n<li>Rio: Panorama - Centro Cultural Oduvaldo Vianna Filho, Rio de Janeiro<\/li>\n<li>Esculturas no Pa\u00e7o - Pa\u00e7o Imperial, Rio de Janeiro<\/li>\n<li>Amigos do Calouste - Centro de Arte Calouste Gulbekian, Rio de Janeiro<\/li>\n<\/ul>\n<p><strong>1995<\/strong><\/p>\n<ul>\n<li>4 Quadros - Centro Cultural Candido Mendes, Rio de Janeiro<\/li>\n<\/ul>\n<p><strong>1994<\/strong><\/p>\n<ul>\n<li>Escultura Carioca - Pa\u00e7o Imperial, Rio de Janeiro<\/li>\n<li>Mat\u00e9ria e Forma - Pa\u00e7o Imperial, Rio de Janeiro<\/li>\n<li>Novos Noventa - Pa\u00e7o Imperial, Rio de Janeiro<\/li>\n<li>Preto no Branco e\/ou... - EAV Parque Lage, Rio de Janeiro<\/li>\n<\/ul>\n<p><strong>1993<\/strong><\/p>\n<ul>\n<li>17\u00ba Sal\u00e3o Carioca de Arte - EAV Parque Lage, Rio de Janeiro<\/li>\n<li>11 Pontos no Espa\u00e7o P\u00fablico - Museu da Rep\u00fablica, Rio de Janeiro<\/li>\n<li>Tatiana Grinberg e Raul Mour\u00e3o - Museu Guido Viaro, Curitiba<\/li>\n<li>Desenhos, Galeria S\u00e9rgio Milliet - IBAC, Rio de Janeiro<\/li>\n<\/ul>\n<p><strong>1992<\/strong><\/p>\n<ul>\n<li>Atelier Vila Isabel - Rio de Janeiro<\/li>\n<li>Galeria de Arte UFF - Niter\u00f3i<\/li>\n<\/ul>\n<p><strong>1991<\/strong><\/p>\n<ul>\n<li>15\u00ba Sal\u00e3o Carioca de Arte - EAV Parque Lage, Rio de Janeiro<\/li>\n<\/ul>\n<\/div>\n<\/div><\/div><\/div><\/div><div id=\"pgc-920-0-2\"  class=\"panel-grid-cell\" ><div id=\"panel-920-0-2-0\" class=\"so-panel widget widget_sow-editor panel-first-child panel-last-child\" data-index=\"2\" ><div class=\"cv panel-widget-style panel-widget-style-for-920-0-2-0\" ><div class=\"so-widget-sow-editor so-widget-sow-editor-base\">\n<div class=\"siteorigin-widget-tinymce textwidget\">\n\t<p><strong>Interven\u00e7\u00f5es<\/strong><\/p>\n<p><strong>2005<\/strong><\/p>\n<ul>\n<li>Lulaeletr\u00f4nico - Fachada da Galeria Vermelho, S\u00e3o Paulo<\/li>\n<\/ul>\n<p><strong>2001<\/strong><\/p>\n<ul>\n<li>Artistas, v\u00eddeo-performance - III Bienal do Mercosul, Porto Alegre<\/li>\n<\/ul>\n<p><strong>1999<\/strong><\/p>\n<ul>\n<li>Termas, Almanaque 99 - Museu de Arte Moderna (MAM Rio), Rio de Janeiro<\/li>\n<\/ul>\n<p><strong>1997<\/strong><\/p>\n<ul>\n<li>Rua - Livraria Dantes, Rio de Janeiro<\/li>\n<\/ul>\n<\/div>\n<\/div><\/div><\/div><\/div><\/div><\/div>","protected":false},"excerpt":{"rendered":"<p>Exposi\u00e7\u00f5es Individuais 2020 Viva Rebel &#8211; Viva Projects e Gafisa, Rio de Janeiro. 2019 Sobre o P\u00eanalti e outras jogadas &#8211; Lurixs Arte Contempor\u00e2nea, Rio de Janeiro Introdu\u00e7\u00e3o \u00e0 teoria dos opostos absolutos &#8211; Galeria Nara Roesler, S\u00e3o Paulo Experienza Live Cinema #4:\u00a0Raul Mour\u00e3o + Cabelo &#8211; OM.art, Rio de Janeiro 2018 Seta Janela Balan\u00e7oContinue reading &rarr;<\/p>\n","protected":false},"author":1,"featured_media":0,"parent":0,"menu_order":70,"comment_status":"closed","ping_status":"closed","template":"","meta":[],"_links":{"self":[{"href":"https:\/\/archive.raulmourao.com\/portfolio\/wp-json\/wp\/v2\/pages\/920"}],"collection":[{"href":"https:\/\/archive.raulmourao.com\/portfolio\/wp-json\/wp\/v2\/pages"}],"about":[{"href":"https:\/\/archive.raulmourao.com\/portfolio\/wp-json\/wp\/v2\/types\/page"}],"author":[{"embeddable":true,"href":"https:\/\/archive.raulmourao.com\/portfolio\/wp-json\/wp\/v2\/users\/1"}],"replies":[{"embeddable":true,"href":"https:\/\/archive.raulmourao.com\/portfolio\/wp-json\/wp\/v2\/comments?post=920"}],"version-history":[{"count":10,"href":"https:\/\/archive.raulmourao.com\/portfolio\/wp-json\/wp\/v2\/pages\/920\/revisions"}],"predecessor-version":[{"id":3358,"href":"https:\/\/archive.raulmourao.com\/portfolio\/wp-json\/wp\/v2\/pages\/920\/revisions\/3358"}],"wp:attachment":[{"href":"https:\/\/archive.raulmourao.com\/portfolio\/wp-json\/wp\/v2\/media?parent=920"}],"curies":[{"name":"wp","href":"https:\/\/api.w.org\/{rel}","templated":true}]}}