{"id":1912,"date":"2017-11-16T17:04:19","date_gmt":"2017-11-16T17:04:19","guid":{"rendered":"https:\/\/raulmourao.com\/?page_id=1912"},"modified":"2021-01-28T20:42:19","modified_gmt":"2021-01-28T20:42:19","slug":"home","status":"publish","type":"page","link":"https:\/\/archive.raulmourao.com\/portfolio\/","title":{"rendered":"HOME"},"content":{"rendered":"<div class=\"pt-cv-wrapper\"><div class=\"pt-cv-view pt-cv-grid pt-cv-colsys pt-cv-same-height pt-cv-content-hover pt-cv-clickable effect-fi pt-cv-overlay-middle pt-cv-pginfinite pt-cv-center\" id=\"pt-cv-view-3426ff1u9p\"><div data-id=\"pt-cv-page-1\" class=\"pt-cv-page\" data-cvc=\"2\" data-cvct=\"2\" data-cvcm=\"1\"><div class=\"col-md-6 col-sm-6 col-xs-12 pt-cv-content-item pt-cv-1-col\"  data-pid=\"2958\"><div class='pt-cv-ifield'><div class=\"pt-cv-hover-wrapper\"><a href=\"https:\/\/archive.raulmourao.com\/portfolio\/exposicoes\/sobre-o-penalti-e-outras-jogadas\/\" class=\"_blank pt-cv-href-thumbnail pt-cv-thumb-default cvplbd cvp-responsive-image img-none\" target=\"_blank\" data-iw=\"1920\" data-ih=\"1080\"><img width=\"1920\" src=\"https:\/\/archive.raulmourao.com\/portfolio\/wp-content\/uploads\/2020\/02\/2019_RM_SobrePenaltiOutrasJogadas_05-scaled.jpg\" class=\"pt-cv-thumbnail img-none cvp-substitute no-lazyload  skip-lazy \" alt=\"Sobre o P\u00eanalti e outras jogadas\" title=\"\" \/><\/a><div class=\"pt-cv-mask\"><h2 class=\"pt-cv-animation-left pt-cv-title\"><a href=\"https:\/\/archive.raulmourao.com\/portfolio\/exposicoes\/sobre-o-penalti-e-outras-jogadas\/\" class=\"_blank cvplbd\" target=\"_blank\" data-iw=\"1920\" data-ih=\"1080\">Sobre o P\u00eanalti e outras jogadas<\/a><\/h2><div class=\"pt-cv-animation-right pt-cv-content\">LURIXS Arte Contempor\u00e2nea - 2019<\/div><\/div><\/div><\/div><\/div>\n<div class=\"col-md-6 col-sm-6 col-xs-12 pt-cv-content-item pt-cv-1-col\"  data-pid=\"2902\"><div class='pt-cv-ifield'><div class=\"pt-cv-hover-wrapper\"><a href=\"https:\/\/archive.raulmourao.com\/portfolio\/exposicoes\/teoria-dos-opostos-absolutos\/\" class=\"_blank pt-cv-href-thumbnail pt-cv-thumb-default cvplbd cvp-responsive-image img-none\" target=\"_blank\" data-iw=\"1920\" data-ih=\"1080\"><img width=\"1920\" src=\"https:\/\/archive.raulmourao.com\/portfolio\/wp-content\/uploads\/2019\/10\/Install_RM_baixa-13-1.jpg\" class=\"pt-cv-thumbnail img-none cvp-substitute no-lazyload  skip-lazy \" alt=\"Introdu\u00e7\u00e3o \u00e0 Teoria dos Opostos Absolutos\" title=\"\" \/><\/a><div class=\"pt-cv-mask\"><h2 class=\"pt-cv-animation-left pt-cv-title\"><a href=\"https:\/\/archive.raulmourao.com\/portfolio\/exposicoes\/teoria-dos-opostos-absolutos\/\" class=\"_blank cvplbd\" target=\"_blank\" data-iw=\"1920\" data-ih=\"1080\">Introdu\u00e7\u00e3o \u00e0 Teoria dos Opostos Absolutos<\/a><\/h2><div class=\"pt-cv-animation-right pt-cv-content\">Galeria Nara Roesler - 2019<\/div><\/div><\/div><\/div><\/div>\n<div class=\"col-md-6 col-sm-6 col-xs-12 pt-cv-content-item pt-cv-1-col\"  data-pid=\"2916\"><div class='pt-cv-ifield'><div class=\"pt-cv-hover-wrapper\"><a href=\"https:\/\/archive.raulmourao.com\/portfolio\/exposicoes\/experienza-live-cinema-4\/\" class=\"_blank pt-cv-href-thumbnail pt-cv-thumb-default cvplbd cvp-responsive-image img-none\" target=\"_blank\" data-iw=\"1920\" data-ih=\"1080\"><img width=\"1920\" src=\"https:\/\/archive.raulmourao.com\/portfolio\/wp-content\/uploads\/2019\/10\/VDM_5533.jpg\" class=\"pt-cv-thumbnail img-none cvp-substitute no-lazyload  skip-lazy \" alt=\"Experienza Live Cinema #4\" title=\"\" \/><\/a><div class=\"pt-cv-mask\"><h2 class=\"pt-cv-animation-left pt-cv-title\"><a href=\"https:\/\/archive.raulmourao.com\/portfolio\/exposicoes\/experienza-live-cinema-4\/\" class=\"_blank cvplbd\" target=\"_blank\" data-iw=\"1920\" data-ih=\"1080\">Experienza Live Cinema #4<\/a><\/h2><div class=\"pt-cv-animation-right pt-cv-content\">O.M. Art - 2019<\/div><\/div><\/div><\/div><\/div>\n<div class=\"col-md-6 col-sm-6 col-xs-12 pt-cv-content-item pt-cv-1-col\"  data-pid=\"2833\"><div class='pt-cv-ifield'><div class=\"pt-cv-hover-wrapper\"><a href=\"https:\/\/archive.raulmourao.com\/portfolio\/exposicoes\/boxer\/\" class=\"_blank pt-cv-href-thumbnail pt-cv-thumb-default cvplbd cvp-responsive-image img-none\" target=\"_blank\" data-iw=\"1920\" data-ih=\"1080\"><img width=\"1920\" src=\"https:\/\/archive.raulmourao.com\/portfolio\/wp-content\/uploads\/2019\/02\/18A9277.jpg\" class=\"pt-cv-thumbnail img-none cvp-substitute no-lazyload  skip-lazy \" alt=\"Boxer\" title=\"\" \/><\/a><div class=\"pt-cv-mask\"><h2 class=\"pt-cv-animation-left pt-cv-title\"><a href=\"https:\/\/archive.raulmourao.com\/portfolio\/exposicoes\/boxer\/\" class=\"_blank cvplbd\" target=\"_blank\" data-iw=\"1920\" data-ih=\"1080\">Boxer<\/a><\/h2><div class=\"pt-cv-animation-right pt-cv-content\">Galeria Carbono - 2018<\/div><\/div><\/div><\/div><\/div>\n<div class=\"col-md-6 col-sm-6 col-xs-12 pt-cv-content-item pt-cv-1-col\"  data-pid=\"2830\"><div class='pt-cv-ifield'><div class=\"pt-cv-hover-wrapper\"><a href=\"https:\/\/archive.raulmourao.com\/portfolio\/exposicoes\/setabalancojanela\/\" class=\"_blank pt-cv-href-thumbnail pt-cv-thumb-default cvplbd cvp-responsive-image img-none\" target=\"_blank\" data-iw=\"1920\" data-ih=\"1080\"><img width=\"1920\" src=\"https:\/\/archive.raulmourao.com\/portfolio\/wp-content\/uploads\/2019\/02\/Raul-Mourao-seta-balanco-janela-Vista-10.jpg\" class=\"pt-cv-thumbnail img-none cvp-substitute no-lazyload  skip-lazy \" alt=\"SetaBalan\u00e7oJanela\" title=\"\" \/><\/a><div class=\"pt-cv-mask\"><h2 class=\"pt-cv-animation-left pt-cv-title\"><a href=\"https:\/\/archive.raulmourao.com\/portfolio\/exposicoes\/setabalancojanela\/\" class=\"_blank cvplbd\" target=\"_blank\" data-iw=\"1920\" data-ih=\"1080\">SetaBalan\u00e7oJanela<\/a><\/h2><div class=\"pt-cv-animation-right pt-cv-content\">Lurixs Arte Contempor\u00e2nea - 2018<\/div><\/div><\/div><\/div><\/div>\n<div class=\"col-md-6 col-sm-6 col-xs-12 pt-cv-content-item pt-cv-1-col\"  data-pid=\"2776\"><div class='pt-cv-ifield'><div class=\"pt-cv-hover-wrapper\"><a href=\"https:\/\/archive.raulmourao.com\/portfolio\/exposicoes\/fora-dentro\/\" class=\"_blank pt-cv-href-thumbnail pt-cv-thumb-default cvplbd cvp-responsive-image img-none\" target=\"_blank\" data-iw=\"1920\" data-ih=\"1080\"><img width=\"1920\" src=\"https:\/\/archive.raulmourao.com\/portfolio\/wp-content\/uploads\/2019\/02\/24A2430.jpg\" class=\"pt-cv-thumbnail img-none cvp-substitute no-lazyload  skip-lazy \" alt=\"Fora\/Dentro\" title=\"\" \/><\/a><div class=\"pt-cv-mask\"><h2 class=\"pt-cv-animation-left pt-cv-title\"><a href=\"https:\/\/archive.raulmourao.com\/portfolio\/exposicoes\/fora-dentro\/\" class=\"_blank cvplbd\" target=\"_blank\" data-iw=\"1920\" data-ih=\"1080\">Fora\/Dentro<\/a><\/h2><div class=\"pt-cv-animation-right pt-cv-content\">Museu da Rep\u00fablica - 2018<\/div><\/div><\/div><\/div><\/div>\n<div class=\"col-md-6 col-sm-6 col-xs-12 pt-cv-content-item pt-cv-1-col\"  data-pid=\"2084\"><div class='pt-cv-ifield'><div class=\"pt-cv-hover-wrapper\"><a href=\"https:\/\/archive.raulmourao.com\/portfolio\/exposicoes\/in-my-opinion\/\" class=\"_blank pt-cv-href-thumbnail pt-cv-thumb-default cvplbd cvp-responsive-image img-none\" target=\"_blank\" data-iw=\"1920\" data-ih=\"1080\"><img width=\"1920\" src=\"https:\/\/archive.raulmourao.com\/eng\/wp-content\/uploads\/2017\/11\/in-my-opinion-10.jpg\" class=\"pt-cv-thumbnail img-none cvp-substitute no-lazyload  skip-lazy \" alt=\"In My Opinion\" title=\"\" \/><\/a><div class=\"pt-cv-mask\"><h2 class=\"pt-cv-animation-left pt-cv-title\"><a href=\"https:\/\/archive.raulmourao.com\/portfolio\/exposicoes\/in-my-opinion\/\" class=\"_blank cvplbd\" target=\"_blank\" data-iw=\"1920\" data-ih=\"1080\">In My Opinion<\/a><\/h2><div class=\"pt-cv-animation-right pt-cv-content\">Plutschow Gallery, Zurich \u2013 2017<\/div><\/div><\/div><\/div><\/div>\n<div class=\"col-md-6 col-sm-6 col-xs-12 pt-cv-content-item pt-cv-1-col\"  data-pid=\"2081\"><div class='pt-cv-ifield'><div class=\"pt-cv-hover-wrapper\"><a href=\"https:\/\/archive.raulmourao.com\/portfolio\/exposicoes\/voce-esta-aqui\/\" class=\"_blank pt-cv-href-thumbnail pt-cv-thumb-default cvplbd cvp-responsive-image img-none\" target=\"_blank\" data-iw=\"1920\" data-ih=\"1080\"><img width=\"1920\" src=\"https:\/\/archive.raulmourao.com\/eng\/wp-content\/uploads\/2017\/11\/voce-esta-aqui-1.jpg\" class=\"pt-cv-thumbnail img-none cvp-substitute no-lazyload  skip-lazy \" alt=\"Voc\u00ea Est\u00e1 Aqui\" title=\"\" \/><\/a><div class=\"pt-cv-mask\"><h2 class=\"pt-cv-animation-left pt-cv-title\"><a href=\"https:\/\/archive.raulmourao.com\/portfolio\/exposicoes\/voce-esta-aqui\/\" class=\"_blank cvplbd\" target=\"_blank\" data-iw=\"1920\" data-ih=\"1080\">Voc\u00ea Est\u00e1 Aqui<\/a><\/h2><div class=\"pt-cv-animation-right pt-cv-content\">Museu Brasileiro de Escultura, S\u00e3o Paulo \u2013 2016<\/div><\/div><\/div><\/div><\/div>\n<div class=\"col-md-6 col-sm-6 col-xs-12 pt-cv-content-item pt-cv-1-col\"  data-pid=\"2078\"><div class='pt-cv-ifield'><div class=\"pt-cv-hover-wrapper\"><a href=\"https:\/\/archive.raulmourao.com\/portfolio\/exposicoes\/fenestra\/\" class=\"_blank pt-cv-href-thumbnail pt-cv-thumb-default cvplbd cvp-responsive-image img-none\" target=\"_blank\" data-iw=\"1920\" data-ih=\"1080\"><img width=\"1920\" src=\"https:\/\/archive.raulmourao.com\/eng\/wp-content\/uploads\/2017\/11\/fenestra-1.jpg\" class=\"pt-cv-thumbnail img-none cvp-substitute no-lazyload  skip-lazy \" alt=\"Fenestra\" title=\"\" \/><\/a><div class=\"pt-cv-mask\"><h2 class=\"pt-cv-animation-left pt-cv-title\"><a href=\"https:\/\/archive.raulmourao.com\/portfolio\/exposicoes\/fenestra\/\" class=\"_blank cvplbd\" target=\"_blank\" data-iw=\"1920\" data-ih=\"1080\">Fenestra<\/a><\/h2><div class=\"pt-cv-animation-right pt-cv-content\">Lurixs Arte Contempor\u00e2nea, Rio de Janeiro \u2013 2015<\/div><\/div><\/div><\/div><\/div>\n<div class=\"col-md-6 col-sm-6 col-xs-12 pt-cv-content-item pt-cv-1-col\"  data-pid=\"2074\"><div class='pt-cv-ifield'><div class=\"pt-cv-hover-wrapper\"><a href=\"https:\/\/archive.raulmourao.com\/portfolio\/exposicoes\/moto\/\" class=\"_blank pt-cv-href-thumbnail pt-cv-thumb-default cvplbd cvp-responsive-image img-none\" target=\"_blank\" data-iw=\"1920\" data-ih=\"1080\"><img width=\"1920\" src=\"https:\/\/archive.raulmourao.com\/eng\/wp-content\/uploads\/2017\/11\/moto-27.jpg\" class=\"pt-cv-thumbnail img-none cvp-substitute no-lazyload  skip-lazy \" alt=\"Moto\" title=\"\" \/><\/a><div class=\"pt-cv-mask\"><h2 class=\"pt-cv-animation-left pt-cv-title\"><a href=\"https:\/\/archive.raulmourao.com\/portfolio\/exposicoes\/moto\/\" class=\"_blank cvplbd\" target=\"_blank\" data-iw=\"1920\" data-ih=\"1080\">Moto<\/a><\/h2><div class=\"pt-cv-animation-right pt-cv-content\">Galeria Nara Roesler, S\u00e3o Paulo \u2013 2014<\/div><\/div><\/div><\/div><\/div><\/div><\/div>\n<div class=\"text-center pt-cv-pagination-wrapper\"><a href='https:\/\/archive.raulmourao.com\/portfolio\/wp-json\/wp\/v2\/pages\/1912\/?_page=2' onclick='event.preventDefault()' class=\"pt-cv-more btn btn-primary btn-sm\" data-totalpages=\"5\" data-nextpages=\"2\" data-sid=\"3426ff1u9p\" data-unid=\"\">More <span class=\"caret\"><\/span><\/a><img width=\"15\" height=\"15\" class=\"pt-cv-spinner\" alt=\"Loading...\" src=\"data:image\/gif;base64,R0lGODlhDwAPALMPAMrKygwMDJOTkz09PZWVla+vr3p6euTk5M7OzuXl5TMzMwAAAJmZmWZmZszMzP\/\/\/yH\/C05FVFNDQVBFMi4wAwEAAAAh+QQFCgAPACwAAAAADwAPAAAEQvDJaZaZOIcV8iQK8VRX4iTYoAwZ4iCYoAjZ4RxejhVNoT+mRGP4cyF4Pp0N98sBGIBMEMOotl6YZ3S61Bmbkm4mAgAh+QQFCgAPACwAAAAADQANAAAENPDJSRSZeA418itN8QiK8BiLITVsFiyBBIoYqnoewAD4xPw9iY4XLGYSjkQR4UAUD45DLwIAIfkEBQoADwAsAAAAAA8ACQAABC\/wyVlamTi3nSdgwFNdhEJgTJoNyoB9ISYoQmdjiZPcj7EYCAeCF1gEDo4Dz2eIAAAh+QQFCgAPACwCAAAADQANAAAEM\/DJBxiYeLKdX3IJZT1FU0iIg2RNKx3OkZVnZ98ToRD4MyiDnkAh6BkNC0MvsAj0kMpHBAAh+QQFCgAPACwGAAAACQAPAAAEMDC59KpFDll73HkAA2wVY5KgiK5b0RRoI6MuzG6EQqCDMlSGheEhUAgqgUUAFRySIgAh+QQFCgAPACwCAAIADQANAAAEM\/DJKZNLND\/kkKaHc3xk+QAMYDKsiaqmZCxGVjSFFCxB1vwy2oOgIDxuucxAMTAJFAJNBAAh+QQFCgAPACwAAAYADwAJAAAEMNAs86q1yaWwwv2Ig0jUZx3OYa4XoRAfwADXoAwfo1+CIjyFRuEho60aSNYlOPxEAAAh+QQFCgAPACwAAAIADQANAAAENPA9s4y8+IUVcqaWJ4qEQozSoAzoIyhCK2NFU2SJk0hNnyEOhKR2AzAAj4Pj4GE4W0bkJQIAOw==\" \/><div class=\"clear pt-cv-clear-pagination\"><\/div><\/div><\/div>\t\t\t<style type=\"text\/css\" id=\"pt-cv-inline-style-186c613r2z\">#pt-cv-view-3426ff1u9p .pt-cv-content-item { padding-top: 2px !important; padding-left: 2px !important; padding-bottom: 2px !important; padding-right: 2px !important; }\n#pt-cv-view-3426ff1u9p  { margin-left: -2px !important; margin-right: -2px !important; }\n#pt-cv-view-3426ff1u9p .pt-cv-title a, #pt-cv-view-3426ff1u9p  .panel-title { font-size: 30px !important; line-height: 1.3 !important; display: block !important; text-align: center !important; clear: both !important; }\n@media (min-width: 768px) and (max-width: 991px) {#pt-cv-view-3426ff1u9p .pt-cv-title a, #pt-cv-view-3426ff1u9p  .panel-title { font-size: 24px !important }}\n@media (max-width: 767px) {#pt-cv-view-3426ff1u9p .pt-cv-title a, #pt-cv-view-3426ff1u9p  .panel-title { font-size: 18px !important }}\n#pt-cv-view-3426ff1u9p  .pt-cv-content-item:hover .pt-cv-hover-wrapper::before   { background-color: rgba(242,242,242,0.85) !important; }\n#pt-cv-view-3426ff1u9p .pt-cv-readmore  { color: #ffffff !important; background-color: #00aeef !important; }\n#pt-cv-view-3426ff1u9p .pt-cv-readmore:hover  { color: #ffffff !important; background-color: #00aeef !important; }\n#pt-cv-view-3426ff1u9p  + .pt-cv-pagination-wrapper .pt-cv-more , #pt-cv-view-3426ff1u9p  + .pt-cv-pagination-wrapper .pagination .active a { color: #ffffff !important; background-color: #00aeef !important; }\n#pt-cv-view-3426ff1u9p .cvp-responsive-image[style*=\"background-image\"] { width: 1920px; height: 1080px; }\n#pt-cv-view-3426ff1u9p { text-align: center; }<\/style>\r\n\t\t\t\n","protected":false},"excerpt":{"rendered":"","protected":false},"author":1,"featured_media":0,"parent":0,"menu_order":8,"comment_status":"closed","ping_status":"closed","template":"","meta":[],"_links":{"self":[{"href":"https:\/\/archive.raulmourao.com\/portfolio\/wp-json\/wp\/v2\/pages\/1912"}],"collection":[{"href":"https:\/\/archive.raulmourao.com\/portfolio\/wp-json\/wp\/v2\/pages"}],"about":[{"href":"https:\/\/archive.raulmourao.com\/portfolio\/wp-json\/wp\/v2\/types\/page"}],"author":[{"embeddable":true,"href":"https:\/\/archive.raulmourao.com\/portfolio\/wp-json\/wp\/v2\/users\/1"}],"replies":[{"embeddable":true,"href":"https:\/\/archive.raulmourao.com\/portfolio\/wp-json\/wp\/v2\/comments?post=1912"}],"version-history":[{"count":4,"href":"https:\/\/archive.raulmourao.com\/portfolio\/wp-json\/wp\/v2\/pages\/1912\/revisions"}],"predecessor-version":[{"id":3344,"href":"https:\/\/archive.raulmourao.com\/portfolio\/wp-json\/wp\/v2\/pages\/1912\/revisions\/3344"}],"wp:attachment":[{"href":"https:\/\/archive.raulmourao.com\/portfolio\/wp-json\/wp\/v2\/media?parent=1912"}],"curies":[{"name":"wp","href":"https:\/\/api.w.org\/{rel}","templated":true}]}}